{"id":94,"date":"2014-11-13T14:52:52","date_gmt":"2014-11-13T19:52:52","guid":{"rendered":"http:\/\/fanpol.oe.espol.edu.ec\/?page_id=94"},"modified":"2014-11-13T15:12:18","modified_gmt":"2014-11-13T20:12:18","slug":"reglamento","status":"publish","type":"page","link":"https:\/\/fanpol.oe.espol.edu.ec\/?page_id=94","title":{"rendered":"Reglamento"},"content":{"rendered":"<h2 class=\"under\" style=\"text-align: center\">ESTATUTOS DEL CLUB FANPOL FAMILIA ANIME POLIT\u00c9CNICA<br \/>\nDE LA ESCUELA SUPERIOR POLIT\u00c9CNICA DEL LITORAL<\/h2>\n<p>Los estudiantes de la Escuela Superior Polit\u00e9cnica del Litoral (ESPOL), en pleno conocimiento de sus derechos a reunirse y organizarse, en acto voluntario, decidimos crear el Club Familia Anime Polit\u00e9cnica (Club FANPOL) con la finalidad de ser un proyecto de integraci\u00f3n para encontrar estudiantes con intereses en com\u00fan (anime, manga, comics, videojuegos, doramas, k-pop, Jap\u00f3n, Corea). Es decir nace como un grupo cuya meta es simplemente conocer nuevos amigos y compartir nuestros conocimientos para ponerlos en pr\u00e1ctica en el servicio de la comunidad. Por esta raz\u00f3n, hemos elaborado los presentes estatutos para su funcionamiento.<\/p>\n<h3 style=\"text-align: center\">T\u00cdTULO I<\/h3>\n<p style=\"text-align: center\"><strong>FINES Y OBJETIVOS<\/strong><\/p>\n<p>Art. 1.- Son fines de FANPOL:<br \/>\na) Trabajar por el bienestar de la comunidad de estudiantes a la que FANPOL representa;<br \/>\nb) Difundir una cultura de hermandad y trabajo entre sus miembros;<br \/>\nc) Permitir a los estudiantes el desarrollo de sus habilidades mediante actividades, proyectos, torneos y concursos;<br \/>\nd) Estrechar relaciones culturales entre los pa\u00edses asi\u00e1ticos y Ecuador;<br \/>\ne) Organizar actividades sociales y culturales;<br \/>\nf) Colaborar con el desarrollo de las habilidades e intereses de los miembros asociados y estudiantes no sociados.<\/p>\n<p>Art. 2.- El objeto de FANPOL es ser una agrupaci\u00f3n destinada difundir la cultura asi\u00e1tica, con el fin de contribuir al desarrollo de nuestra sociedad,<br \/>\nadem\u00e1s de brindar todas las comodidades para el desarrollo de la creatividad de los estudiantes y asesorar en la creaci\u00f3n de nuevos proyectos afines a la<br \/>\ncausa representada por FANPOL. Para la consecuencia de los fines, FANPOL acudir\u00e1 a todos los estamentos legales pertinentes y permitidos por la ley y la Universidad.<\/p>\n<h3 style=\"text-align: center\">T\u00cdTULO II<\/h3>\n<p style=\"text-align: center\"><strong>DE LOS MIEMBROS DEL CLUB<\/strong><\/p>\n<p>Art. 3.- Son socios de FANPOL, los fundadores y los dem\u00e1s que sucesivamente se incorporen, que sean admitidos como tales seg\u00fan manifiesten su voluntad de trabajar por el logro de los objetivos institucionales, de acuerdo a lo establecido en los presentes estatutos, y que cumplan los deberes y obligaciones determinados por los \u00f3rganos\u00a0 respectivos.<\/p>\n<p>Art. 4.- Para ser miembro del Club FANPOL se requiere:<br \/>\na) Ser estudiante de ESPOL;<br \/>\nb) Compartir el gusto por la cultura asi\u00e1tica;<br \/>\nc) Participar activamente de nuestras actividades.<\/p>\n<p>Art. 5.- Los miembros de FANPOL tendr\u00e1n las siguientes categor\u00edas:<br \/>\na) Miembros Fundadores, que ser\u00e1n todos aquellos que suscribieron el Acta de Constituci\u00f3n del Club. Estos socios tendr\u00e1n en forma vitalicia los derechos y privilegios que su categor\u00eda les otorga, teniendo por tal declaratoria la calidad de miembros activos;<br \/>\nb) Miembros Activos, ser\u00e1n todos aquellos estudiantes regulares de la ESPOL, quienes firmen como miembros oficiales del Club FANPOL, comprometi\u00e9ndose a trabajar para el bienestar y desarrollo del Club. Como miembro activos tienen derecho de elegir y ser elegidos para cualquiera de las dignidades organizativas y administrativas del Club. Como miembros activos deben cumplir los requisitos requeridos en el Art. 7;<br \/>\nc) Miembros honorarios, ser\u00e1n aquellas personas naturales o jur\u00eddicas que se identifiquen con las finalidades del Club FANPOL, y aporten econ\u00f3micamente, sin participar directamente en sus actividades; y,<br \/>\nd) Miembros pasivos, se considerar\u00e1n como tales a las personas cuya participaci\u00f3n en el Club sea parcial o de baja relevancia, o no sean estudiantes regulares de ESPOL. Adem\u00e1s ser\u00e1n miembros pasivos todos aquellos que hayan sido sancionados por la Asamblea General, mientras dure la sanci\u00f3n.<\/p>\n<p><strong>DEBERES Y DERECHOS<\/strong><\/p>\n<p>Art. 6.- Son deberes de todo miembro de FANPOL:<br \/>\na) Conocer y respetar los Estatutos, acuerdos y resoluciones de FANPOL;<br \/>\nb) Ejercer con responsabilidad alg\u00fan cargo o comisi\u00f3n que le fuere encomendado;<br \/>\nc) Mantener siempre una actitud \u00e9tica y moral por el buen nombre del Club;<br \/>\nd) Cooperar en los planes y proyectos culturales, sociales y deportivos emprendidos por FANPOL; y,<br \/>\ne) Asistir puntualmente a las reuniones de la directiva y reuniones de trabajo de FANPOL.<\/p>\n<p>Art. 7.- Son derechos de cada miembro:<br \/>\na) Participar de la organizaci\u00f3n de los eventos y actividades de FANPOL, as\u00ed como la creaci\u00f3n de nuevos proyectos; y,<br \/>\nb) Gozar de los privilegios otorgados a los miembros.<\/p>\n<p>Art. 8.- Es deber de los socios, colaborar econ\u00f3micamente con los fines de FANPOL, por lo menos una vez por semestre con un monto m\u00ednimo de diez d\u00f3lares. Dinero que se utilizar\u00e1 para eventos y actividades de integraci\u00f3n.<\/p>\n<p><strong>PROHIBICIONES Y SANCIONES<\/strong><\/p>\n<p>Art. 9.- FANPOL no busca fomentar vicios ni permitir\u00e1 ninguno de estos en su dominio. Dicho esto es compromiso del Club y sus miembros velar por la buena conducta de los miembros pasivos. Bas\u00e1ndose en este art\u00edculo FANPOL, advierte a los estudiantes que en el incumplimiento de la disposici\u00f3n ser\u00e1n sancionados, seg\u00fan se requiera, hasta con la expulsi\u00f3n del Club.<\/p>\n<p>Art. 10.- Se proh\u00edbe a los estudiantes distraerse de sus actividades acad\u00e9micas, por motivos allegados a FANPOL y sus actividades. FANPOL no ser\u00e1 una excusa para faltar a clases.<\/p>\n<p>Art. 11.- Todas las actividades de FANPOL, quedar\u00e1n suspendidas en per\u00edodo de ex\u00e1menes.<\/p>\n<p>Art. 12.- FANPOL con el fin de velar por la buena conducta de sus miembros en sus instalaciones, se reserva el derecho de expulsar temporal o permanentemente del Club a los estudiantes que incumplan con nuestras disposiciones y prohibiciones de los art\u00edculos 6, 7 y 8 del T\u00edtulo III de este documento.<\/p>\n<p>Art. 13.- No podr\u00e1n ser miembros de FANPOL:<br \/>\na) Los estudiantes previamente expulsados del Club;<br \/>\nb) Los incapaces o sentenciados penalmente por delitos sancionados con pena de prisi\u00f3n y reclusi\u00f3n; y,<br \/>\nc) Las dem\u00e1s personas impedidas por la ley.<\/p>\n<p>Art. 14.- La calidad de socio se pierde al:<br \/>\na) Dejar de ser estudiante polit\u00e9cnico;<br \/>\nb) Renuncia voluntaria manifestada por escrito;<br \/>\nc) Por inasistencia a m\u00e1s de tres sesiones consecutivas, salvo causa debidamente justificada;<br \/>\nd) Por expulsi\u00f3n; y,<br \/>\ne) Por fallecimiento.<\/p>\n<h3 style=\"text-align: center\">T\u00cdTULO III<\/h3>\n<p style=\"text-align: center\"><strong>DE LA ORGANIZACI\u00d3N Y ADMINISTRACI\u00d3N<\/strong><\/p>\n<p>Art. 15- El Club FANPOL estar\u00e1 compuesto por los siguientes organismos:<br \/>\na) La Asamblea General;<br \/>\nb) El Directivo Ejecutivo; y,<br \/>\nc) El Tribunal de Honor.<\/p>\n<p align=\"center\"><strong>DE LA ASAMBLEA GENERAL<\/strong><\/p>\n<p>Art. 16.- La Asamblea General es el m\u00e1ximo organismo de FANPOL, integrado por todos los miembros fundadores y los miembros activos del Club que se hayan integrado a la misma por un tiempo igual o mayor a un T\u00e9rmino Acad\u00e9mico y sus resoluciones ser\u00e1n acatadas por todos los miembros.<br \/>\nLas Asambleas generales son de dos tipos: Asambleas Generales ordinarias y las Asambleas Generales Extraordinarias.<br \/>\nLas Asambleas Generales Ordinarias se reunir\u00e1n obligatoriamente tres veces al a\u00f1o y las extraordinarias cuando el caso as\u00ed lo amerite. Estas deber\u00e1n ser convocadas por el Presidente Ejecutivo.<\/p>\n<p>Art. 17.- Son Atribuciones de la Asamblea:<br \/>\na) Fijar la pol\u00edtica general del Club;<br \/>\nb) Aprobar, reformar y modificar los reglamentos para el funcionamiento de FANPOL;<br \/>\nc) Designar y remover a los miembros del Directorio Ejecutivo y del Tribunal de Honor, de entre los miembros del Club;<br \/>\nd) Conocer los programas y proyectos que ejecutar\u00e1 el Directorio del Club;<br \/>\ne) Aprobar el informe anual de labores del Directorio;<br \/>\nf) Delegar al Directorio una o m\u00e1s de sus atribuciones, y;<br \/>\ng) Las dem\u00e1s que le se\u00f1alen los estatutos y reglamentos.<\/p>\n<p>Art. 18.- El Directorio de FANPOL est\u00e1 conformado por:<br \/>\na) Presidente Ejecutivo;<br \/>\nb) Vicepresidente Ejecutivo;<br \/>\nc) Tesorero;<br \/>\nd) Secretario;<\/p>\n<p>Art. 19.- Son atribuciones del Directorio:<br \/>\na) Velar por la ejecuci\u00f3n de la pol\u00edtica general del Club;<br \/>\nb) Aprobar el plan anual de actividades;<br \/>\nc) Aprobar los planes de trabajo, presupuestos anuales, informes anuales de actividades y los balances contables de cada ejercicio econ\u00f3mico;<br \/>\nd) Autorizar la suscripci\u00f3n de convenios con personas naturales o jur\u00eddicas, nacionales o extranjeras;<br \/>\ne) Aceptar los legados y donaciones;<br \/>\nf) Disponer la ejecuci\u00f3n de auditor\u00edas y establecer los mecanismos de fiscalizaci\u00f3n que estime necesarios;<br \/>\ng) Resolver sobre los asuntos no previstos en estos estatutos y que no sean de competencia de otros \u00f3rganos, y;<br \/>\nh) Las dem\u00e1s que le se\u00f1alen los estatutos y reglamentos.<\/p>\n<p>Art. 20.- Cesaciones y Vacantes, si un miembro de la Directiva no puede asumir el cargo que se le fue establecido por incapacidad f\u00edsica, el siguiente en la l\u00ednea de mando tomara su lugar, abri\u00e9ndose una vacante para un nuevo secretario que ser\u00e1 elegido entre los miembros, por la asamblea.<\/p>\n<p align=\"center\"><strong>DEL PRESIDENTE EJECUTIVO<\/strong><\/p>\n<p>Art. 21.- El Presidente Ejecutivo de FANPOL ser\u00e1 designado por la Asamblea General de entre sus miembros.<\/p>\n<p>Art. 22.- Son atribuciones del Presidente Ejecutivo:<br \/>\na) Ejercer la representaci\u00f3n legal, judicial y extrajudicial del Club;<br \/>\nb) Presidir las reuniones del Directorio Ejecutivo y de la Asamblea General;<br \/>\nc) Ejecutar y hacer cumplir las decisiones del Directorio Ejecutivo, de la Asamblea general, del Tribunal de Honor y de los departamentos de trabajo;<br \/>\nd) Firmar las actas de la Asamblea General y del Directorio, conjuntamente con el secretario;<br \/>\ne) Dirigir las relaciones del Club con otras entidades;<br \/>\nf) Administrar los bienes de FANPOL, celebrar contratos y actos jur\u00eddicos que por su naturaleza FANPOL, de acuerdo con el art.5 de los estatutos pueda realizar;<br \/>\ng) Convocar al directorio.<\/p>\n<p align=\"center\"><strong>DEL VICEPRESIDENTE EJECUTIVO<\/strong><\/p>\n<p>Art. 23.- El Vicepresidente Ejecutivo ejercer\u00e1 la representaci\u00f3n legal de FANPOL, por delegaci\u00f3n del Presidente Ejecutivo.<br \/>\nReemplazar\u00e1 en sus funciones al Presidente en su ausencia y es responsable de instrumentar todas las acciones tendientes a lograr una efectiva direcci\u00f3n, coordinaci\u00f3n y control de las actividades de los organismos y dependencias de FANPOL.<\/p>\n<p>Art. 24.- El Vicepresidente Ejecutivo ser\u00e1 designado por la Asamblea General de entre sus miembros.<\/p>\n<p>Art. 25.- Son deberes y atribuciones del Vicepresidente Ejecutivo:<br \/>\na) Ejercer la representaci\u00f3n legal, judicial y extrajudicial del Club, por delegaci\u00f3n del Presidente Ejecutivo;<br \/>\nb) Cumplir y hacer cumplir los Estatutos, Reglamentos y resoluciones de FANPOL, del Directorio y del Tribunal de Honor;<br \/>\nc) Proponer al Directorio, a trav\u00e9s del Presidente Ejecutivo, los proyectos, programas y dem\u00e1s asuntos de competencia de dicho organismo, acompa\u00f1ando las propuestas de los informes y de los dict\u00e1menes de los funcionarios, t\u00e9cnicos y asesores a quienes les corresponda emitirlos.<br \/>\nd) Organizar los actos que fueren necesarios para el cumplimiento de los objetivos de FANPOL.<br \/>\ne) Informar peri\u00f3dicamente al Presidente Ejecutivo del desarrollo y avance de las actividades del Club y suministrar los datos e informes que solicite.<br \/>\nf) Las dem\u00e1s que le confieran estos Estatutos, los reglamentos y las resoluciones del Directorio.<br \/>\ng) Revisar y dirigir el control de la documentaci\u00f3n oficial del Club.<\/p>\n<p align=\"center\"><strong>DEL TESORERO<\/strong><\/p>\n<p>Art. 26.- El Tesorero ser\u00e1 designado por la Asamblea General de entre sus miembros.<\/p>\n<p>Art. 27.- Son obligaciones del Tesorero:<br \/>\na) Tener a su cargo y conservaci\u00f3n los bienes sociales y fondos econ\u00f3micos de FANPOL;<br \/>\nb) El Tesorero responder\u00e1 ante el Directorio y llevar\u00e1 las cuentas, documentos de contabilidad y presupuestos para los proyectos que vayan a ejecutarse;<br \/>\nc) Est\u00e1 autorizado para abrir cuentas bancarias, firmar y endosar cheques, retirar fondos, pedir pr\u00e9stamos, firmando pagar\u00e9s o cualquier otra documentaci\u00f3n que se le exija y firmar recibos. Esta atribuci\u00f3n corresponder\u00e1 al Tesorero con el Presidente Ejecutivo.<\/p>\n<p align=\"center\"><strong>DEL SECRETARIO<\/strong><\/p>\n<p>Art. 28.- El Secretario ser\u00e1 designado por la Asamblea General de entre sus miembros. Durar\u00e1 un a\u00f1o en sus funciones pudiendo ser reelegido.<\/p>\n<p>Art. 29.- Son obligaciones del Secretario:<br \/>\na) Llevar el libro de actas de la Asamblea General y del Directorio;<br \/>\nb) Mantener la correspondencia de acuerdo con las indicaciones del Presidente Ejecutivo;<br \/>\nc) Desempe\u00f1ar la secretar\u00eda del Directorio y de la Asamblea General.<\/p>\n<h3>TITULO IV<\/h3>\n<p><strong>DE LAS ELECCIONES <\/strong><\/p>\n<p>Art. 30.- Los miembros a conformar la estructura directiva ser\u00e1n elegidos anualmente. Por la Asamblea de entre los miembros activos de FANPOL.<\/p>\n<p>Art. 31.- Nominaciones, los miembros de la directiva tendr\u00e1n la libertad de nominar o nominarse como su\u00a0 sucesor, as\u00ed como tambi\u00e9n los miembros activos que deseen ocupar un puesto en la directiva de FANPOL podr\u00e1n nominarse o nominar a otro miembro.<br \/>\na) Los miembros nominados, deber\u00e1n tener un m\u00ednimo de un a\u00f1o como miembros activos de FANPOL, y el apoyo de por lo menos cinco miembros que apoyen su nominaci\u00f3n.<br \/>\nb) Los miembros ser\u00e1n nominados con dos meses antes del cese de actividades de la directiva vigente, y el\u00a0 sucesor ser\u00e1 elegido un mes antes.<br \/>\nc) Se deber\u00e1n nominar un m\u00ednimo de cuatro miembros por puesto.<br \/>\nd) Un miembro nominado pierde el derecho de nominar a otro.<br \/>\ne) Un miembro nominado puede rechazar su nominaci\u00f3n antes de que sea aceptada.<\/p>\n<p>Art. 32.- Proceso de elecci\u00f3n, el d\u00eda de la elecci\u00f3n, se presentar\u00e1n a todos los miembros nominados ante la Asamblea, quienes votar\u00e1n abiertamente por el nominado de su preferencia.<\/p>\n<p>Los miembros nominados a un puesto, cuyo apoyo super\u00e9 el 70 por ciento de los presentes, ser\u00e1n nombrados los sucesores de manera inmediata.<\/p>\n<p>Los miembros nominados a un puesto, cuyo apoyo sea inferior al 20 por ciento de los presentes, perder\u00e1n su nominaci\u00f3n.<br \/>\nSi los miembros nominados a un puesto, alcanzan un apoyo entre el 69 y 21 por ciento de los presente, se deber\u00e1n elegir a los dos con m\u00e1s votos para realizarse una segunda vuelta.<\/p>\n<p>Art. 33.- Transici\u00f3n, en el mes previo a su posicionamiento, los miembros entrantes deber\u00e1n trabajar junto con los salientes. Con la finalidad de aprender todo lo referente a su nuevo cargo y sus obligaciones para con FANPOL.<\/p>\n<h3 style=\"text-align: center\">TITULO V<\/h3>\n<p style=\"text-align: center\"><strong>DE LOS COMIT\u00c9S<\/strong><\/p>\n<p>Art. 34.- Se podr\u00e1n crear grupos de trabajo dentro del club. \u00c9stos deber\u00e1n estar orientados al trabajo en un \u00e1rea o proyecto espec\u00edfico y podr\u00e1n estar conformados por sus miembros y personas al mismo en calidad de colaboradores o voluntarios. En su mayor\u00eda deber\u00e1n ser miembros del club. Aquellos externos a la misma no tendr\u00e1n voto en las decisiones que se tomen por los comit\u00e9s. En lo posible, un miembro de la directiva actuar\u00e1 como l\u00edder o encargado del comit\u00e9, de no ser posible, el l\u00edder ser\u00e1 un miembro activo del club. Los Comit\u00e9s de FANPOL est\u00e1n conformados por los miembros del Club, que se sientan identificados con un respectivo departamento y su misi\u00f3n ser\u00e1 velar por el bienestar de sus similares, as\u00ed como proponer y desarrollar actividades que sean del inter\u00e9s de su departamento.<\/p>\n<p>Art. 35.- Podr\u00e1n ser representantes de cada Departamento los miembros fundadores, activos u honorarios que hayan pertenecido al Club por un periodo m\u00ednimo de dos semestres. Ser\u00e1n elegidos por los miembros de cada departamento y su duraci\u00f3n en el cargo depender\u00e1 de sus representados.<\/p>\n<p>Art. 36.- Los representantes de cada Departamento tambi\u00e9n podr\u00e1n ser elegidos para ocupar otras dignidades del Directorio de FANPOL.<\/p>\n<p>Art. 37.- Los Departamentos de Trabajo son:<br \/>\na) Departamento Gamer, son los miembros especializados en videojuegos, juegos de estrategia y otros tipos de juegos;<br \/>\nb) Departamento Cosplay, son los miembros encargados de representar a FANPOL y a nuestra Universidad en los diferentes concursos y convenciones de anime que se desarrollen externa e internamente;<br \/>\nc) Departamento Mangaka, son los encargados del desarrollo de historietas de estilo manga de los estudiantes de la Universidad, as\u00ed como de su publicaci\u00f3n y venta;<br \/>\nd) Departamento Otaku, son los miembros cuyas especialidades son: el Anime, Manga, Manhua y Novelas visuales.<br \/>\ne) Departamento de Cultura, son los miembros encargados de promover y ense\u00f1ar las costumbres y tradiciones de la cultura Asi\u00e1tica.<\/p>\n<h3 style=\"text-align: center\">TITULO VI<\/h3>\n<p style=\"text-align: center\"><strong>DEL PATRIMONIO<\/strong><\/p>\n<p>Art. 38.- Son bienes de FANPOL:<br \/>\na) Las contribuciones, asignaciones o pr\u00e9stamos que se le otorguen a nuestra organizaci\u00f3n;<br \/>\nb) Los bienes, valores y derechos que el Club adquiera;<br \/>\nc) Los legados y donaciones;<br \/>\nd) Los dem\u00e1s ingresos ordinarios o extraordinarios provenientes de las actividades que realiza FANPOL.<\/p>\n<p>Art. 39.- FANPOL tiene amplias facultades para la administraci\u00f3n e inversi\u00f3n de los recursos necesarios para la ejecuci\u00f3n de los proyectos y operaciones financieras de diversa \u00edndole que realice, en el marco de los objetivos se\u00f1alados en el presente Estatuto.<\/p>\n<h3 style=\"text-align: center\">TITULO VII<\/h3>\n<p style=\"text-align: center\"><strong>DE LA DISOLUCI\u00d3N Y LIQUIDACI\u00d3N<\/strong><\/p>\n<p>Art. 40.- FANPOL podr\u00e1 disolverse por la decisi\u00f3n de la Asamblea formada por las dos terceras partes del total de sus miembros, por no cumplir sus fines, o por las causas que ameriten.<\/p>\n<p>Art. 41.- Acordada la disoluci\u00f3n de FANPOL, el Directorio proceder\u00e1 a nombrar un Comit\u00e9 de Liquidaci\u00f3n compuesto por cuatro personas que elegir\u00e1n a un Presidente.<br \/>\nLos bienes de FANPOL o el producto de ellos ser\u00e1n traspasados, una vez pagado el pasivo, a una o varias instituciones sin fines de lucro, que tengan por objetivo actividades iguales o similares a FANPOL. Dichas instituciones ser\u00e1n seleccionadas por el Comit\u00e9 de Liquidaci\u00f3n.<\/p>\n<h3 style=\"text-align: center\">TITULO VIII<\/h3>\n<p style=\"text-align: center\"><strong>REUNIONES<\/strong><\/p>\n<p>Art. 42.- Los miembros de FANPOL, junto con su directiva deber\u00e1n reunirse con un m\u00ednimo de tres veces al mes, donde se analizaran avances de proyectos y se propondr\u00e1n nuevos.<\/p>\n<p>Art. 43.- El n\u00famero m\u00ednimo de miembros presentes, para realizarse las reuniones, debe de ser de un tercios del total de miembros activos y dos tercios de la directiva. Siendo indispensable la presencia del Presidente y el secretario.<\/p>\n<p>Art. 44.- El presidente, deber\u00e1 ser el encargado de presidir las reuniones. En caso del presidente no pueda estar presente en la reuni\u00f3n el siguiente al mando que se encuentre presente, ser\u00e1 el encargado de presidir las reuniones.<\/p>\n<p>Art. 45.- Decisiones. Todas las decisiones que se tomen deber\u00e1n contar con la aprobaci\u00f3n de la mayor\u00eda del qu\u00f3rum en una reuni\u00f3n. La opini\u00f3n y voto de cualquiera de los miembros deber\u00e1 tener igual valor. Cada nueva propuesta deber\u00e1 presentarse por escrito, con una tentativa de cronograma y el presupuesto que se requerir\u00eda para el desarrollo del mismo.<\/p>\n<h3 style=\"text-align: center\">TITULO IX<\/h3>\n<p style=\"text-align: center\"><strong>ENMIENDAS<\/strong><\/p>\n<p>Art. 46.- Se podr\u00e1n realizar enmiendas al estatuto con la aprobaci\u00f3n de 2\/3 de los miembros activos del club. La propuesta de enmienda deber\u00e1 poder ser realizada por cualquier miembro activo del club y \u00e9sta deber\u00e1 ser llevada a debate con el resto de los miembros, adem\u00e1s de ser consultada con el mentor.<\/p>\n<h3 style=\"text-align: center\">TITULO X<\/h3>\n<p style=\"text-align: center\"><strong>C\u00d3DIGO DE \u00c9TICA<\/strong><\/p>\n<p>Art. 47.- El club FANPOL se rige so el c\u00f3digo de \u00e9tica de la ESPOL.<br \/>\na) Cada miembro debe de ser atento y cort\u00e9s en la comunicaci\u00f3n y relaci\u00f3n con los miembros de la comunidad, evitando actitudes descomedidas.<\/p>\n<p><strong>Certifico: <\/strong><br \/>\nQue la presente codificaci\u00f3n del Proyecto de Estatuto fue discutida y aprobada en las sesiones de las Asambleas Generales de FANPOL realizadas el 6, 7 y 8<br \/>\nde Julio del 2013.<\/p>\n<p>Guayaquil, 8 de Julio del 2013.<\/p>\n<p><strong>Pa\u00fal Cortez Castro<\/strong><\/p>\n<p><strong>SECRETARIO DE FANPOL<\/strong><\/p>\n","protected":false},"excerpt":{"rendered":"<p>ESTATUTOS DEL CLUB FANPOL FAMILIA ANIME POLIT\u00c9CNICA DE LA ESCUELA SUPERIOR POLIT\u00c9CNICA DEL LITORAL Los estudiantes de la Escuela Superior \u2026 <a class=\"continue-reading-link\" href=\"https:\/\/fanpol.oe.espol.edu.ec\/?page_id=94\">Continuar leyendo<\/a><\/p>\n","protected":false},"author":5,"featured_media":0,"parent":0,"menu_order":0,"comment_status":"closed","ping_status":"closed","template":"","meta":{"footnotes":""},"class_list":["post-94","page","type-page","status-publish","hentry"],"_links":{"self":[{"href":"https:\/\/fanpol.oe.espol.edu.ec\/index.php?rest_route=\/wp\/v2\/pages\/94","targetHints":{"allow":["GET"]}}],"collection":[{"href":"https:\/\/fanpol.oe.espol.edu.ec\/index.php?rest_route=\/wp\/v2\/pages"}],"about":[{"href":"https:\/\/fanpol.oe.espol.edu.ec\/index.php?rest_route=\/wp\/v2\/types\/page"}],"author":[{"embeddable":true,"href":"https:\/\/fanpol.oe.espol.edu.ec\/index.php?rest_route=\/wp\/v2\/users\/5"}],"replies":[{"embeddable":true,"href":"https:\/\/fanpol.oe.espol.edu.ec\/index.php?rest_route=%2Fwp%2Fv2%2Fcomments&post=94"}],"version-history":[{"count":11,"href":"https:\/\/fanpol.oe.espol.edu.ec\/index.php?rest_route=\/wp\/v2\/pages\/94\/revisions"}],"predecessor-version":[{"id":111,"href":"https:\/\/fanpol.oe.espol.edu.ec\/index.php?rest_route=\/wp\/v2\/pages\/94\/revisions\/111"}],"wp:attachment":[{"href":"https:\/\/fanpol.oe.espol.edu.ec\/index.php?rest_route=%2Fwp%2Fv2%2Fmedia&parent=94"}],"curies":[{"name":"wp","href":"https:\/\/api.w.org\/{rel}","templated":true}]}}