{"id":52,"date":"2014-11-07T04:57:27","date_gmt":"2014-11-07T09:57:27","guid":{"rendered":"http:\/\/fanpol.oe.espol.edu.ec\/?page_id=52"},"modified":"2015-09-12T08:17:08","modified_gmt":"2015-09-11T23:17:08","slug":"about","status":"publish","type":"page","link":"https:\/\/fanpol.oe.espol.edu.ec\/?page_id=52","title":{"rendered":"Sobre Nosotros"},"content":{"rendered":"<div class=\"wrapper\">\n<figure class=\"wrapper\"><img loading=\"lazy\" decoding=\"async\" class=\"aligncenter\" src=\"http:\/\/fanpol.com\/images\/img1.jpg\" alt=\"Miembros\" width=\"480\" height=\"311\" \/><\/figure>\n<p>&nbsp;<\/p>\n<p class=\"pad_bot1\">FANPOL cuyo significado es Familia Anime Polit\u00e9cnica es un Club Estudiantil de la Escuela Superior Polit\u00e9cnica del Litoral (ESPOL), de orientaci\u00f3n cultural que re\u00fane a los polit\u00e9cnicos amantes del anime, manga, videojuegos y de la cultura asi\u00e1tica.<\/p>\n<p>El objeto de FANPOL es ser una agrupaci\u00f3n destinada difundir la cultura asi\u00e1tica, con el fin de contribuir al desarrollo de nuestra sociedad, adem\u00e1s de brindar todas las comodidades para el desarrollo de la creatividad de los estudiantes y asesorar en la creaci\u00f3n de nuevos proyectos afines a la causa representada por FANPOL. Para la consecuencia de los fines, FANPOL acudir\u00e1 a todos los estamentos legales pertinentes y permitidos por la ley y la Universidad.<\/p>\n<p>Misi\u00f3n: &#8220;Fomentar el desarrollo de la cultura asi\u00e1tica en nuestro pa\u00eds, as\u00ed como la creatividad y talentos de los estudiantes universitarios&#8221;.<\/p>\n<\/div>\n<section class=\"col-2-4\">\n<div class=\"wrap-col\">\n<div id=\"attachment_7\" style=\"width: 250px\" class=\"wp-caption aligncenter\"><a href=\"http:\/\/fanpol.oe.espol.edu.ec\/wp-content\/uploads\/sites\/3\/2014\/10\/Logo_FANPOL.png\"><img loading=\"lazy\" decoding=\"async\" aria-describedby=\"caption-attachment-7\" class=\"wp-image-7 size-medium\" src=\"http:\/\/fanpol.oe.espol.edu.ec\/wp-content\/uploads\/sites\/3\/2014\/10\/Logo_FANPOL-300x219.png\" alt=\"Logo_FANPOL\" width=\"240\" height=\"175\" srcset=\"https:\/\/fanpol.oe.espol.edu.ec\/wp-content\/uploads\/sites\/3\/2014\/10\/Logo_FANPOL-300x219.png 300w, https:\/\/fanpol.oe.espol.edu.ec\/wp-content\/uploads\/sites\/3\/2014\/10\/Logo_FANPOL.png 457w\" sizes=\"auto, (max-width: 240px) 100vw, 240px\" \/><\/a><p id=\"caption-attachment-7\" class=\"wp-caption-text\">Logo de FANPOL<\/p><\/div>\n<h3><\/h3>\n<\/div>\n<\/section>\n<section class=\"col-2-4\">\n<div class=\"wrap-col\"><\/div>\n<\/section>\n<h2 class=\"under\">\u00a0\u00bfPor qu\u00e9 pertenecer a FANPOL?<\/h2>\n<div class=\"wrapper\">\n<figure class=\"left marg_right1\"><img loading=\"lazy\" decoding=\"async\" class=\"alignleft\" src=\"http:\/\/fanpol.com\/images\/about.jpg\" alt=\"sobre FANPOL\" width=\"230\" height=\"189\" \/><\/figure>\n<p class=\"pad_bot1\">Pertenecer a FANPOL no es f\u00e1cil&#8230; mentira, s\u00ed lo es. La raz\u00f3n es que a pesar de las locuras o cosas traumantes-normales que hablamos siempre estamos ah\u00ed, en el mismo lugar para escucharte, hacerte re\u00edr y que puedas hablar con confianza; participar en debates sobre las tradiciones y tendencias de la cultura japonesa. Al final, te encari\u00f1ar\u00e1s al darte cuenta que no son s\u00f3lo amigos, sino que nos defendemos los unos a los otros, ya que en esta familia te valoramos tal y como eres.<\/p>\n<\/div>\n","protected":false},"excerpt":{"rendered":"<p>&nbsp; FANPOL cuyo significado es Familia Anime Polit\u00e9cnica es un Club Estudiantil de la Escuela Superior Polit\u00e9cnica del Litoral (ESPOL), \u2026 <a class=\"continue-reading-link\" href=\"https:\/\/fanpol.oe.espol.edu.ec\/?page_id=52\">Continuar leyendo<\/a><\/p>\n","protected":false},"author":5,"featured_media":0,"parent":0,"menu_order":0,"comment_status":"closed","ping_status":"closed","template":"","meta":{"footnotes":""},"class_list":["post-52","page","type-page","status-publish","hentry"],"_links":{"self":[{"href":"https:\/\/fanpol.oe.espol.edu.ec\/index.php?rest_route=\/wp\/v2\/pages\/52","targetHints":{"allow":["GET"]}}],"collection":[{"href":"https:\/\/fanpol.oe.espol.edu.ec\/index.php?rest_route=\/wp\/v2\/pages"}],"about":[{"href":"https:\/\/fanpol.oe.espol.edu.ec\/index.php?rest_route=\/wp\/v2\/types\/page"}],"author":[{"embeddable":true,"href":"https:\/\/fanpol.oe.espol.edu.ec\/index.php?rest_route=\/wp\/v2\/users\/5"}],"replies":[{"embeddable":true,"href":"https:\/\/fanpol.oe.espol.edu.ec\/index.php?rest_route=%2Fwp%2Fv2%2Fcomments&post=52"}],"version-history":[{"count":5,"href":"https:\/\/fanpol.oe.espol.edu.ec\/index.php?rest_route=\/wp\/v2\/pages\/52\/revisions"}],"predecessor-version":[{"id":255,"href":"https:\/\/fanpol.oe.espol.edu.ec\/index.php?rest_route=\/wp\/v2\/pages\/52\/revisions\/255"}],"wp:attachment":[{"href":"https:\/\/fanpol.oe.espol.edu.ec\/index.php?rest_route=%2Fwp%2Fv2%2Fmedia&parent=52"}],"curies":[{"name":"wp","href":"https:\/\/api.w.org\/{rel}","templated":true}]}}